{"id":5646,"date":"2022-07-07T10:27:44","date_gmt":"2022-07-07T10:27:44","guid":{"rendered":"https:\/\/fitness-shop.ro\/?page_id=5646"},"modified":"2022-10-04T14:33:58","modified_gmt":"2022-10-04T14:33:58","slug":"cariere","status":"publish","type":"page","link":"https:\/\/fitness-shop.ro\/en\/cariere\/","title":{"rendered":"Careers"},"content":{"rendered":"<div class=\"wpb-content-wrapper\"><div data-vc-full-width=\"true\" data-vc-full-width-init=\"false\" data-vc-stretch-content=\"true\" class=\"vc_row wpb_row vc_row-fluid vc_custom_1664894026414 vc_row-has-fill vc_row-no-padding wd-rs-633c43da68a04\"><div class=\"wpb_column vc_column_container vc_col-sm-12\"><div class=\"vc_column-inner\"><div class=\"wpb_wrapper\"><\/div><\/div><\/div><\/div><div class=\"vc_row-full-width vc_clearfix\"><\/div><div class=\"vc_row wpb_row vc_row-fluid vc_row-o-equal-height vc_row-flex wd-rs-630f69b2697b5\"><div class=\"wpb_column wpb_animate_when_almost_visible wpb_slideInLeft slideInLeft vc_column_container vc_col-sm-12 vc_col-lg-6 vc_col-md-6 vc_col-has-fill wd-rs-631888d967d50\"><div class=\"vc_column-inner vc_custom_1662552291161\"><div class=\"wpb_wrapper\">\t\t\t<div class=\"info-box-wrapper\">\n\t\t\t\t<div id=\"wd-62c6b438a1d31\" class=\"wd-rs-62c6b438a1d31 wd-info-box wd-wpb text-left box-icon-align-top box-style- color-scheme- wd-bg-none\">\n\t\t\t\t\t\t\t\t\t\t<div class=\"info-box-content\">\n\t\t\t\t\t\t<div class=\"info-box-subtitle wd-fontsize-xs subtitle-style-default wd-font-weight-900 font-primary\">JOIN THE MENSMENTIS TEAM!<\/div>\t\t\t\t\t\t<div class=\"info-box-inner set-cont-mb-s reset-last-child\"><p>If you want to join a dynamic team and you are passionate about fitness, then we should talk about your future in the Mensmentis team.<\/p>\n<p>Fill in the form, attach your resume and send us a message.<\/p>\n<p>One of our colleagues will soon get in touch with you.<\/p>\n<\/div>\n\n\t\t\t\t\t\t\t\t\t\t\t<\/div>\n\n\t\t\t\t\t\n\t\t\t\t\t<style>#wd-62c6b438a1d31 .info-box-subtitle{background-color:  !important;}<\/style>\t\t\t\t<\/div>\n\t\t\t<\/div>\n\t\t\t\t\t<div class=\"info-box-wrapper\">\n\t\t\t\t<div id=\"wd-6319d0fa194ae\" class=\"wd-rs-6319d0fa194ae wd-info-box wd-wpb text-left box-icon-align-top box-style- color-scheme- wd-bg-none\">\n\t\t\t\t\t\t\t\t\t\t<div class=\"info-box-content\">\n\t\t\t\t\t\t<div class=\"info-box-subtitle wd-fontsize-xs subtitle-style-default wd-font-weight-900 font-primary\">ROMANIA<\/div><h4 class=\"info-box-title title wd-font-weight-700 box-title-style-default wd-fontsize-s\">SC Mens Mentis SRL<\/h4>\t\t\t\t\t\t<div class=\"info-box-inner set-cont-mb-s reset-last-child\"><p>Bihor County, Oradea, 23 Episcop Mihai Pavel Street, Ap. 5<br \/>\n+40 359 444 443<br \/>\n<a href=\"mailto:sales@mensmentisgroup.com\"><span style=\"font-weight: 400;\">sales@mensmentisgroup.com<\/span><\/a><\/p>\n<\/div>\n\n\t\t\t\t\t\t\t\t\t\t\t<\/div>\n\n\t\t\t\t\t\n\t\t\t\t\t<style>#wd-6319d0fa194ae .info-box-subtitle{background-color:  !important;}<\/style>\t\t\t\t<\/div>\n\t\t\t<\/div>\n\t\t\t\t\t<div class=\"info-box-wrapper\">\n\t\t\t\t<div id=\"wd-6319d285580cb\" class=\"wd-rs-6319d285580cb wd-info-box wd-wpb text-left box-icon-align-top box-style- color-scheme- wd-bg-none\">\n\t\t\t\t\t\t\t\t\t\t<div class=\"info-box-content\">\n\t\t\t\t\t\t<div class=\"info-box-subtitle wd-fontsize-xs subtitle-style-default wd-font-weight-900 font-primary\">HUNGARY<\/div><h4 class=\"info-box-title title wd-font-weight-700 box-title-style-default wd-fontsize-s\">Mens Mentis Hungary Kft.<\/h4>\t\t\t\t\t\t<div class=\"info-box-inner set-cont-mb-s reset-last-child\"><p>Szacvany, Biharkeresztes, Hajdubihar<br \/>\n+3614433333<br \/>\n<a href=\"mailto:sales@mensmentisgroup.com\"><span style=\"font-weight: 400;\">sales@mensmentisgroup.com<\/span><\/a><\/p>\n<\/div>\n\n\t\t\t\t\t\t\t\t\t\t\t<\/div>\n\n\t\t\t\t\t\n\t\t\t\t\t<style>#wd-6319d285580cb .info-box-subtitle{background-color:  !important;}<\/style>\t\t\t\t<\/div>\n\t\t\t<\/div>\n\t\t\t\t\t<div class=\"info-box-wrapper\">\n\t\t\t\t<div id=\"wd-6319d29a3d2b2\" class=\"wd-rs-6319d29a3d2b2 wd-info-box wd-wpb text-left box-icon-align-top box-style- color-scheme- wd-bg-none\">\n\t\t\t\t\t\t\t\t\t\t<div class=\"info-box-content\">\n\t\t\t\t\t\t<div class=\"info-box-subtitle wd-fontsize-xs subtitle-style-default wd-font-weight-900 font-primary\">SALES DEPARTMENT<\/div>\t\t\t\t\t\t<div class=\"info-box-inner set-cont-mb-s reset-last-child\"><p>+40 359 444 443 (int.1)<br \/>\n<a href=\"mailto:sales@mensmentisgroup.com\"><span style=\"font-weight: 400;\">sales@mensmentisgroup.com<\/span><\/a><\/p>\n<\/div>\n\n\t\t\t\t\t\t\t\t\t\t\t<\/div>\n\n\t\t\t\t\t\n\t\t\t\t\t<style>#wd-6319d29a3d2b2 .info-box-subtitle{background-color:  !important;}<\/style>\t\t\t\t<\/div>\n\t\t\t<\/div>\n\t\t\t\t\t<div class=\"info-box-wrapper\">\n\t\t\t\t<div id=\"wd-6319d3d0753e0\" class=\"wd-rs-6319d3d0753e0 wd-info-box wd-wpb text-left box-icon-align-top box-style- color-scheme- wd-bg-none\">\n\t\t\t\t\t\t\t\t\t\t<div class=\"info-box-content\">\n\t\t\t\t\t\t<div class=\"info-box-subtitle wd-fontsize-xs subtitle-style-default wd-font-weight-900 font-primary\">SERVICE DEPARTMENT<\/div>\t\t\t\t\t\t<div class=\"info-box-inner set-cont-mb-s reset-last-child\"><p>+40 359 444 443 (int.2)<br \/>\n<a href=\"mailto:service@mensmentisgroup.com\"><span style=\"font-weight: 400;\">service@mensmentisgroup.com<\/span><\/a><\/p>\n<\/div>\n\n\t\t\t\t\t\t\t\t\t\t\t<\/div>\n\n\t\t\t\t\t\n\t\t\t\t\t<style>#wd-6319d3d0753e0 .info-box-subtitle{background-color:  !important;}<\/style>\t\t\t\t<\/div>\n\t\t\t<\/div>\n\t\t\t\t\t<div class=\"info-box-wrapper\">\n\t\t\t\t<div id=\"wd-6319d3f12a072\" class=\"wd-rs-6319d3f12a072 wd-info-box wd-wpb text-left box-icon-align-top box-style- color-scheme- wd-bg-none\">\n\t\t\t\t\t\t\t\t\t\t<div class=\"info-box-content\">\n\t\t\t\t\t\t<div class=\"info-box-subtitle wd-fontsize-xs subtitle-style-default wd-font-weight-900 font-primary\">FINANCIAL DEPARTMENT<\/div>\t\t\t\t\t\t<div class=\"info-box-inner set-cont-mb-s reset-last-child\"><p>+40 359 444 443 (int.3)<br \/>\n<a href=\"mailto:accounting@mensmentisgroup.com\"><span style=\"font-weight: 400;\">accounting@mensmentisgroup.com<\/span><\/a><\/p>\n<\/div>\n\n\t\t\t\t\t\t\t\t\t\t\t<\/div>\n\n\t\t\t\t\t\n\t\t\t\t\t<style>#wd-6319d3f12a072 .info-box-subtitle{background-color:  !important;}<\/style>\t\t\t\t<\/div>\n\t\t\t<\/div>\n\t\t<\/div><\/div><\/div><div class=\"wpb_column wpb_animate_when_almost_visible wpb_slideInRight slideInRight vc_column_container vc_col-sm-12 vc_col-lg-6 vc_col-md-6 wd-rs-631888ea7500e\"><div class=\"vc_column-inner vc_custom_1662552314241\"><div class=\"wpb_wrapper\">\n\t\t<div id=\"wd-6318bad2cae08\" class=\"title-wrapper wd-wpb set-mb-s reset-last-child  wd-rs-6318bad2cae08 wd-title-color-default wd-title-style-default text-left  wd-underline-colored\">\n\t\t\t\n\t\t\t<div class=\"liner-continer\">\n\t\t\t\t<h4 class=\"woodmart-title-container title  wd-font-weight- wd-fontsize-l\" >START YOUR CAREER WITH US.<\/h4>\n\t\t\t\t\t\t\t<\/div>\n\t\t\t\n\t\t\t\n\t\t\t\n\t\t<\/div>\n\t\t\n\t\t\n<div class=\"wpcf7 no-js\" id=\"wpcf7-f5647-o1\" lang=\"ro-RO\" dir=\"ltr\">\n<div class=\"screen-reader-response\"><p role=\"status\" aria-live=\"polite\" aria-atomic=\"true\"><\/p> <ul><\/ul><\/div>\n<form action=\"\/en\/wp-json\/wp\/v2\/pages\/5646#wpcf7-f5647-o1\" method=\"post\" class=\"wpcf7-form init\" aria-label=\"Formular de contact\" enctype=\"multipart\/form-data\" novalidate=\"novalidate\" data-status=\"init\" data-trp-original-action=\"\/en\/wp-json\/wp\/v2\/pages\/5646#wpcf7-f5647-o1\">\n<div style=\"display: none;\">\n<input type=\"hidden\" name=\"_wpcf7\" value=\"5647\" \/>\n<input type=\"hidden\" name=\"_wpcf7_version\" value=\"5.8.7\" \/>\n<input type=\"hidden\" name=\"_wpcf7_locale\" value=\"ro_RO\" \/>\n<input type=\"hidden\" name=\"_wpcf7_unit_tag\" value=\"wpcf7-f5647-o1\" \/>\n<input type=\"hidden\" name=\"_wpcf7_container_post\" value=\"0\" \/>\n<input type=\"hidden\" name=\"_wpcf7_posted_data_hash\" value=\"\" \/>\n<\/div>\n<p><label> Name<br \/>\n<span class=\"wpcf7-form-control-wrap\" data-name=\"your-name\"><input size=\"40\" class=\"wpcf7-form-control wpcf7-text wpcf7-validates-as-required\" aria-required=\"true\" aria-invalid=\"false\" value=\"\" type=\"text\" name=\"your-name\" \/><\/span> <\/label>\n<\/p>\n<p><label> Email (required)<br \/>\n<span class=\"wpcf7-form-control-wrap\" data-name=\"your-email\"><input size=\"40\" class=\"wpcf7-form-control wpcf7-email wpcf7-validates-as-required wpcf7-text wpcf7-validates-as-email\" aria-required=\"true\" aria-invalid=\"false\" value=\"\" type=\"email\" name=\"your-email\" \/><\/span> <\/label>\n<\/p>\n<p><label> Subject<br \/>\n<span class=\"wpcf7-form-control-wrap\" data-name=\"your-subject\"><input size=\"40\" class=\"wpcf7-form-control wpcf7-text\" aria-invalid=\"false\" value=\"\" type=\"text\" name=\"your-subject\" \/><\/span> <\/label>\n<\/p>\n<p><label> Attach your CV:<br \/>\n<span class=\"wpcf7-form-control-wrap\" data-name=\"fisier\"><input size=\"40\" class=\"wpcf7-form-control wpcf7-file wpcf7-validates-as-required\" accept=\"audio\/*,video\/*,image\/*\" aria-required=\"true\" aria-invalid=\"false\" type=\"file\" name=\"fisier\" \/><\/span> <\/label>\n<\/p>\n<p><label> Your Message<br \/>\n<span class=\"wpcf7-form-control-wrap\" data-name=\"your-message\"><textarea cols=\"40\" rows=\"10\" class=\"wpcf7-form-control wpcf7-textarea\" aria-invalid=\"false\" name=\"your-message\"><\/textarea><\/span> <\/label>\n<\/p>\n<p><input class=\"wpcf7-form-control wpcf7-submit has-spinner\" type=\"submit\" value=\"Submit\" \/>\n<\/p><p style=\"display: none !important;\" class=\"akismet-fields-container\" data-prefix=\"_wpcf7_ak_\"><label>&#916;<textarea name=\"_wpcf7_ak_hp_textarea\" cols=\"45\" rows=\"8\" maxlength=\"100\"><\/textarea><\/label><input type=\"hidden\" id=\"ak_js_1\" name=\"_wpcf7_ak_js\" value=\"106\"\/><script>document.getElementById( \"ak_js_1\" ).setAttribute( \"value\", ( new Date() ).getTime() );<\/script><\/p><div class=\"wpcf7-response-output\" aria-hidden=\"true\"><\/div>\n<input type=\"hidden\" name=\"trp-form-language\" value=\"en\"\/><\/form>\n<\/div>\n<\/div><\/div><\/div><\/div>\n<\/div>","protected":false},"excerpt":{"rendered":"F\u0102 PARTE DIN ECHIPA MENSMENTIS! Dac\u0103 dore\u015fti s\u0103 faci parte dintr-o echip\u0103 dinamic\u0103, \u00een form\u0103 \u015fi e\u015fti pasionat de domeniul","protected":false},"author":1,"featured_media":0,"parent":0,"menu_order":0,"comment_status":"closed","ping_status":"closed","template":"","meta":{"om_disable_all_campaigns":false,"_monsterinsights_skip_tracking":false,"_monsterinsights_sitenote_active":false,"_monsterinsights_sitenote_note":"","_monsterinsights_sitenote_category":0,"footnotes":""},"aioseo_notices":[],"_links":{"self":[{"href":"https:\/\/fitness-shop.ro\/en\/wp-json\/wp\/v2\/pages\/5646"}],"collection":[{"href":"https:\/\/fitness-shop.ro\/en\/wp-json\/wp\/v2\/pages"}],"about":[{"href":"https:\/\/fitness-shop.ro\/en\/wp-json\/wp\/v2\/types\/page"}],"author":[{"embeddable":true,"href":"https:\/\/fitness-shop.ro\/en\/wp-json\/wp\/v2\/users\/1"}],"replies":[{"embeddable":true,"href":"https:\/\/fitness-shop.ro\/en\/wp-json\/wp\/v2\/comments?post=5646"}],"version-history":[{"count":0,"href":"https:\/\/fitness-shop.ro\/en\/wp-json\/wp\/v2\/pages\/5646\/revisions"}],"wp:attachment":[{"href":"https:\/\/fitness-shop.ro\/en\/wp-json\/wp\/v2\/media?parent=5646"}],"curies":[{"name":"wp","href":"https:\/\/api.w.org\/{rel}","templated":true}]}}