{"id":2937,"date":"2019-09-16T14:09:42","date_gmt":"2019-09-16T14:09:42","guid":{"rendered":"https:\/\/fitness-shop.ro\/?post_type=product&#038;p=2937"},"modified":"2022-10-20T12:42:32","modified_gmt":"2022-10-20T12:42:32","slug":"octane-pro4700-touch-eliptica-verticala-profesionala","status":"publish","type":"product","link":"https:\/\/fitness-shop.ro\/en\/product\/octane-pro4700-touch-eliptica-verticala-profesionala\/","title":{"rendered":"Octane PRO4700 TOUCH &#8211; Eliptic\u0103 vertical\u0103 profesional\u0103"},"content":{"rendered":"<div class=\"wpb-content-wrapper\"><div class=\"vc_row wpb_row vc_row-fluid\"><div class=\"wpb_column vc_column_container vc_col-sm-8\"><div class=\"vc_column-inner\"><div class=\"wpb_wrapper\">\n\t<div class=\"wpb_text_column wpb_content_element\" >\n\t\t<div class=\"wpb_wrapper\">\n\t\t\t<h2>A stride ahead<\/h2>\n<p>Advanced training programs, such as 30:30 Interval and MMA, and customizable routines deliver variety and motivation so you can burn calories and lose weight faster. With its compact design and low step-up height, the health club-quality Pro4700 fits anywhere.<\/p>\n<p><strong>This version of the PRO4700 TOUCH model has\u00a0Netpulse network compatible for automatic content and software updates:\u00a0<\/strong><\/p>\n<ul>\n<li>On Demand entertainment that features thousands of TV shows, live news and sports, music videos and more<\/li>\n<li>Custom user profiles can be created for FREE music and videos<\/li>\n<li>Split screen feedback that displays entertainment and live workout data<\/li>\n<li>Asset management<\/li>\n<li>Instructional CROSS CiRCUIT and Workout Booster videos<\/li>\n<li>Polar\u00ae and ANT+\u00ae wireless heart rate<\/li>\n<\/ul>\n\n\t\t<\/div>\n\t<\/div>\n<\/div><\/div><\/div><div class=\"wpb_column vc_column_container vc_col-sm-4\"><div class=\"vc_column-inner vc_custom_1568643950886\"><div class=\"wpb_wrapper\">\n\t<div  class=\"wpb_single_image wpb_content_element vc_align_left vc_custom_1568643919426\">\n\t\t\n\t\t<figure class=\"wpb_wrapper vc_figure\">\n\t\t\t<div class=\"vc_single_image-wrapper   vc_box_border_grey\"><img loading=\"lazy\" decoding=\"async\" width=\"1000\" height=\"1000\" src=\"https:\/\/fitness-shop.ro\/wp-content\/uploads\/2019\/09\/Octane-XR6000-touch-1.jpg\" class=\"vc_single_image-img attachment-full\" alt=\"\" title=\"Octane-XR6000-touch-1\" srcset=\"https:\/\/fitness-shop.ro\/wp-content\/uploads\/2019\/09\/Octane-XR6000-touch-1.jpg 1000w, https:\/\/fitness-shop.ro\/wp-content\/uploads\/2019\/09\/Octane-XR6000-touch-1-600x600.jpg 600w, https:\/\/fitness-shop.ro\/wp-content\/uploads\/2019\/09\/Octane-XR6000-touch-1-150x150.jpg 150w, https:\/\/fitness-shop.ro\/wp-content\/uploads\/2019\/09\/Octane-XR6000-touch-1-300x300.jpg 300w, https:\/\/fitness-shop.ro\/wp-content\/uploads\/2019\/09\/Octane-XR6000-touch-1-768x768.jpg 768w\" sizes=\"(max-width: 1000px) 100vw, 1000px\" \/><\/div>\n\t\t<\/figure>\n\t<\/div>\n<\/div><\/div><\/div><\/div><div class=\"vc_row wpb_row vc_row-fluid\"><div class=\"wpb_column vc_column_container vc_col-sm-12\"><div class=\"vc_column-inner\"><div class=\"wpb_wrapper\">\n\t<div class=\"wpb_text_column wpb_content_element\" >\n\t\t<div class=\"wpb_wrapper\">\n\t\t\t<h2>Key Features of Octane PRO4700<\/h2>\n<h3>SmartStride<\/h3>\n<p>Exclusive to Octane Fitness, SmartStride automatically adjusts the stride length to replicate walking, jogging and running. It mimics what exercisers do naturally outside \u2013 walking uses a shorter stride, and running requires a longer stride. This adds comfort, variety and challenge to workouts.<\/p>\n<p>With an adjustable stride length from 18&#8243;-26\u201d, members of all heights are accommodated. Users can change stride lengths on their own with the electronic adjustment, or select SmartStride to automatically adjust length based on pace and direction.<\/p>\n<h3>Real Running Motion<\/h3>\n<p>Based on precise human biomechanics, Octane ellipticals replicate natural walking, jogging and running motion \u2013 both forward and in reverse \u2013 and the machine adjusts to exercisers comfortably. But even better, this movement is low-impact, so it\u2019s easier on the joints.<\/p>\n<p>With close pedal spacing of just 1.8&#8243;, the body is properly aligned from head to toe, which also minimizes stress to the lower back. The beauty of Octane machines is that members can take on high-intensity workouts and still feel great during and after their routine.<\/p>\n<h3>Upper-Body Ergonomics<\/h3>\n<p>With a keen eye for details, Octane created the patented, one-of-the-kind Converging Path and MultiGrip handlebars to help exercisers better engage the upper body and ensure that these muscles are fully engaged.<\/p>\n<p>MultiGrip handlebars offer exercisers a variety of positions to change their grip and target different arm, chest and back muscles. Digital contact heart rate sensors and fingertip controls on the handlebars make monitoring and adjusting intensity simple. And Converging Path handlebars follow the natural path of the arms when walking or running.<\/p>\n<h3>Workout Boosters<\/h3>\n<p>No exercise session is ever the same with Octane&#8217;s signature Workout Boosters, like X-Mode, GluteKicker and ArmBlaster. Workout Boosters elevate cross training by ramping up the intensity with quick interval bursts that target specific body parts or your entire body.<\/p>\n<p>X-Mode, for instance, requires you periodically to squat, lean back, pedal fast, go in reverse and more \u2013 which keeps you challenged and getting results, while workouts fly by.<\/p>\n<h3>Performance<\/h3>\n<p>Built to last in punishing club environments with rigorous usage, Octane Fitness elliptical machines are ultra-durable and easy to own. Comprehensive quality and reliability testing, along with uncompromising standards, deliver low-maintenance, long-lasting performance.<\/p>\n<p>Put these ellipticals to the test, and watch how they are used the most but experience the least operational issues.<\/p>\n<h3>Build a Better Workout<\/h3>\n<p>Kick start your members&#8217; motivation and generate a big buzz on the cardio floor with Octane&#8217;s exclusive new CROSS CiRCUIT, which adds tremendous energy and interest &#8211; along with efficiency and results!<\/p>\n<p>Time efficient and motivational, this powerful program can be performed by individual exercisers, in personal training one-on-one sessions and in small group training.<\/p>\n<h3>CROSS CiRCUIT Pro<\/h3>\n<p>The hottest trend in health clubs worldwide. The CROSS CiRCUIT Pro kit consists of two PowerBlock dumbbells, which are easily adjustable from 4 to 32 pounds each, an integrated PowerBlock weight stand on the elliptical and stationary foot platforms on the machine, which let you take your legs out of the action and emphasize the upper-body in periodic intervals.<\/p>\n<p>You benefit from a compact, convenient cardio and strength training center \u2013 all in one machine so you maximize the cardio floor space with more options for members.<\/p>\n<h3>More Variety<\/h3>\n<p>With CROSS CiRCUIT, the options for workouts are endless, and limited only by the creativity of your personal trainers. In addition to the PowerBlock dumbbells, additional accessories, such as a stability ball, BOSU Balance Trainer, medicine balls, kettlebells and resistance bands, add variety and challenge. You not only can vary strength training exercises, but can also change the order or emphasize upper body or lower body exclusively, as well as alter the time of cardio intervals and the duration and number of strength sets.<\/p>\n<p>CROSS CIRCUIT energizes your workouts and delivers maximum ROI in a minimum space.<\/p>\n\n\t\t<\/div>\n\t<\/div>\n<\/div><\/div><\/div><\/div><div class=\"vc_row wpb_row vc_row-fluid\"><div class=\"wpb_column vc_column_container vc_col-sm-8\"><div class=\"vc_column-inner\"><div class=\"wpb_wrapper\">\n\t<div class=\"wpb_text_column wpb_content_element\" >\n\t\t<div class=\"wpb_wrapper\">\n\t\t\t<h2>Compatible PRO4700 Accessories<\/h2>\n<p><a href=\"https:\/\/fitness-shop.ro\/ro\/s1\/produse\/aparate-cardio\/c1\/octane-kit-cross-circuit-pentru-seria-pro-pro4700-pro3700-si-pro3700-classic\/p76\/\" target=\"_blank\" rel=\"noopener noreferrer\">1.CROSS CIRCUIT FOR PRO SERIES<\/a><\/p>\n<p>Kick start your members motivation and generate a big buzz on the gym floor with Octane\u2019s exclusive new CROSS CiRCUIT, which adds tremendous energy and interest\u2013along with efficiency and results\u2013to individual, small group, or class workouts.<br \/>\nPro series CROSS CiRCUIT kit includes:<br \/>\nMounted weight stands<br \/>\nSide step platforms<br \/>\n32lb. or 50lb. adjustable PowerBlock weights<\/p>\n\n\t\t<\/div>\n\t<\/div>\n<\/div><\/div><\/div><div class=\"wpb_column vc_column_container vc_col-sm-4\"><div class=\"vc_column-inner vc_custom_1568644303987\"><div class=\"wpb_wrapper\">\n\t<div  class=\"wpb_single_image wpb_content_element vc_align_left\">\n\t\t\n\t\t<figure class=\"wpb_wrapper vc_figure\">\n\t\t\t<div class=\"vc_single_image-wrapper   vc_box_border_grey\"><img loading=\"lazy\" decoding=\"async\" width=\"280\" height=\"231\" src=\"https:\/\/fitness-shop.ro\/wp-content\/uploads\/2019\/09\/Pro-with-CC-Pro-detaliu2.jpg\" class=\"vc_single_image-img attachment-full\" alt=\"\" title=\"Pro-with-CC-Pro detaliu2\" srcset=\"https:\/\/fitness-shop.ro\/wp-content\/uploads\/2019\/09\/Pro-with-CC-Pro-detaliu2.jpg 280w, https:\/\/fitness-shop.ro\/wp-content\/uploads\/2019\/09\/Pro-with-CC-Pro-detaliu2-150x124.jpg 150w\" sizes=\"(max-width: 280px) 100vw, 280px\" \/><\/div>\n\t\t<\/figure>\n\t<\/div>\n<\/div><\/div><\/div><\/div><div class=\"vc_row wpb_row vc_row-fluid\"><div class=\"wpb_column vc_column_container vc_col-sm-8\"><div class=\"vc_column-inner\"><div class=\"wpb_wrapper\">\n\t<div class=\"wpb_text_column wpb_content_element\" >\n\t\t<div class=\"wpb_wrapper\">\n\t\t\t<p><a href=\"https:\/\/fitness-shop.ro\/ro\/s1\/produse\/aparate-cardio\/c1\/octane-talpi-laterale-pentru-pro4700-pro3700-si-pro3700-classic\/p74\/\" target=\"_blank\" rel=\"noopener noreferrer\">2.SIDE STEP PLATFORM FOR PRO SERIES<\/a><br \/>\nWith the innovative side step platform, members can step off of the moving foot pedals to isolate their upper-body by using just the moving handlebars; providing greater, more diverse workout options.<\/p>\n\n\t\t<\/div>\n\t<\/div>\n<\/div><\/div><\/div><div class=\"wpb_column vc_column_container vc_col-sm-4\"><div class=\"vc_column-inner\"><div class=\"wpb_wrapper\">\n\t<div  class=\"wpb_single_image wpb_content_element vc_align_left\">\n\t\t\n\t\t<figure class=\"wpb_wrapper vc_figure\">\n\t\t\t<div class=\"vc_single_image-wrapper   vc_box_border_grey\"><img loading=\"lazy\" decoding=\"async\" width=\"280\" height=\"231\" src=\"https:\/\/fitness-shop.ro\/wp-content\/uploads\/2019\/09\/commercial_sidesteps-detaliu-3.jpg\" class=\"vc_single_image-img attachment-full\" alt=\"\" title=\"commercial_sidesteps detaliu 3\" srcset=\"https:\/\/fitness-shop.ro\/wp-content\/uploads\/2019\/09\/commercial_sidesteps-detaliu-3.jpg 280w, https:\/\/fitness-shop.ro\/wp-content\/uploads\/2019\/09\/commercial_sidesteps-detaliu-3-150x124.jpg 150w\" sizes=\"(max-width: 280px) 100vw, 280px\" \/><\/div>\n\t\t<\/figure>\n\t<\/div>\n<\/div><\/div><\/div><\/div>\n<\/div>","protected":false},"excerpt":{"rendered":"<p>The absolute best compact professional elliptical machine, this top-of-the-line compact powerhouse is loaded with exclusive Octane breakthroughs including SmartStride and CROSS CIRCUIT to fuel every workout with challenges that drive results.<\/p>","protected":false},"featured_media":2942,"comment_status":"open","ping_status":"closed","template":"","meta":{"om_disable_all_campaigns":false,"_monsterinsights_skip_tracking":false,"_monsterinsights_sitenote_active":false,"_monsterinsights_sitenote_note":"","_monsterinsights_sitenote_category":0},"product_cat":[368,15,67],"product_tag":[],"aioseo_notices":[],"_links":{"self":[{"href":"https:\/\/fitness-shop.ro\/en\/wp-json\/wp\/v2\/product\/2937"}],"collection":[{"href":"https:\/\/fitness-shop.ro\/en\/wp-json\/wp\/v2\/product"}],"about":[{"href":"https:\/\/fitness-shop.ro\/en\/wp-json\/wp\/v2\/types\/product"}],"replies":[{"embeddable":true,"href":"https:\/\/fitness-shop.ro\/en\/wp-json\/wp\/v2\/comments?post=2937"}],"wp:featuredmedia":[{"embeddable":true,"href":"https:\/\/fitness-shop.ro\/en\/wp-json\/wp\/v2\/media\/2942"}],"wp:attachment":[{"href":"https:\/\/fitness-shop.ro\/en\/wp-json\/wp\/v2\/media?parent=2937"}],"wp:term":[{"taxonomy":"product_cat","embeddable":true,"href":"https:\/\/fitness-shop.ro\/en\/wp-json\/wp\/v2\/product_cat?post=2937"},{"taxonomy":"product_tag","embeddable":true,"href":"https:\/\/fitness-shop.ro\/en\/wp-json\/wp\/v2\/product_tag?post=2937"}],"curies":[{"name":"wp","href":"https:\/\/api.w.org\/{rel}","templated":true}]}}