{"id":2951,"date":"2019-09-17T13:33:00","date_gmt":"2019-09-17T13:33:00","guid":{"rendered":"https:\/\/fitness-shop.ro\/?post_type=product&#038;p=2951"},"modified":"2022-10-20T12:42:32","modified_gmt":"2022-10-20T12:42:32","slug":"octane-xt-one-eliptica-verticala-profesionala","status":"publish","type":"product","link":"https:\/\/fitness-shop.ro\/en\/product\/octane-xt-one-eliptica-verticala-profesionala\/","title":{"rendered":"Octane XT ONE &#8211; Eliptic\u0103 vertical\u0103 profesional\u0103"},"content":{"rendered":"<div class=\"wpb-content-wrapper\"><div class=\"vc_row wpb_row vc_row-fluid\"><div class=\"wpb_column vc_column_container vc_col-sm-12\"><div class=\"vc_column-inner\"><div class=\"wpb_wrapper\">\n\t<div class=\"wpb_text_column wpb_content_element\" >\n\t\t<div class=\"wpb_wrapper\">\n\t\t\t<h2>The ultimate cross-trainer<\/h2>\n<p>With this professional piece of equipment you can choose from 30 resistance levels and 21 workouts to personalize the intensity, target different muscles and drive results. Delivering infinite variety and customization, the <strong>XT-One<\/strong> is the ultimate interval training and cross training machine, with multiple movement patterns to increase calorie burning, endurance, power and strength. So if your gym encourages cross training work-outs, the <strong>XT-One<\/strong> is THE elliptical to have.<\/p>\n\n\t\t<\/div>\n\t<\/div>\n<\/div><\/div><\/div><\/div><div class=\"vc_row wpb_row vc_row-fluid vc_custom_1568727921218\"><div class=\"wpb_column vc_column_container vc_col-sm-8\"><div class=\"vc_column-inner\"><div class=\"wpb_wrapper\">\n\t<div class=\"wpb_text_column wpb_content_element\" >\n\t\t<div class=\"wpb_wrapper\">\n\t\t\t<p><strong>\u00a0 This XT-ONE standard model has a large LED display with integrated capacitive buttons:<\/strong><\/p>\n<ul>\n<li>Simultaneously displays essential workout data;<\/li>\n<li>Has adjustable incline motion;<\/li>\n<li>Has adjustable stride length;<\/li>\n<li>Comes with 23 workout programs and 30 resistance levels;<\/li>\n<li>Has digital contact heart rate sensors;<\/li>\n<li>Has 3 speed console fan;<\/li>\n<li>Is self-powered (standard console).<\/li>\n<\/ul>\n\n\t\t<\/div>\n\t<\/div>\n<\/div><\/div><\/div><div class=\"wpb_column vc_column_container vc_col-sm-4\"><div class=\"vc_column-inner\"><div class=\"wpb_wrapper\">\n\t<div  class=\"wpb_single_image wpb_content_element vc_align_left\">\n\t\t\n\t\t<figure class=\"wpb_wrapper vc_figure\">\n\t\t\t<div class=\"vc_single_image-wrapper   vc_box_border_grey\"><img loading=\"lazy\" decoding=\"async\" width=\"1000\" height=\"1000\" src=\"https:\/\/fitness-shop.ro\/wp-content\/uploads\/2019\/09\/Octane-XT-one-3.jpg\" class=\"vc_single_image-img attachment-full\" alt=\"\" title=\"Octane-XT-one-3\" srcset=\"https:\/\/fitness-shop.ro\/wp-content\/uploads\/2019\/09\/Octane-XT-one-3.jpg 1000w, https:\/\/fitness-shop.ro\/wp-content\/uploads\/2019\/09\/Octane-XT-one-3-600x600.jpg 600w, https:\/\/fitness-shop.ro\/wp-content\/uploads\/2019\/09\/Octane-XT-one-3-150x150.jpg 150w, https:\/\/fitness-shop.ro\/wp-content\/uploads\/2019\/09\/Octane-XT-one-3-300x300.jpg 300w, https:\/\/fitness-shop.ro\/wp-content\/uploads\/2019\/09\/Octane-XT-one-3-768x768.jpg 768w\" sizes=\"(max-width: 1000px) 100vw, 1000px\" \/><\/div>\n\t\t<\/figure>\n\t<\/div>\n<\/div><\/div><\/div><\/div><div class=\"vc_row wpb_row vc_row-fluid\"><div class=\"wpb_column vc_column_container vc_col-sm-12\"><div class=\"vc_column-inner\"><div class=\"wpb_wrapper\">\n\t<div class=\"wpb_text_column wpb_content_element\" >\n\t\t<div class=\"wpb_wrapper\">\n\t\t\t<h2>Key Features of Octane XT-One<\/h2>\n<h3>Adjustable Incline Motion<\/h3>\n<p>Ready for a hike in the foothills or to tackle a mountain? The XT-One has 10 incline levels so you can replicate hiking or extreme climbing, with adjustability to accommodate every exerciser\u2019s capability and size.<\/p>\n<p>Also, it\u2019s simple to target different muscle groups by changing the incline level throughout the workout so you can quickly add variety to your workout.<\/p>\n<h3>SmartStride<\/h3>\n<p>Replicate walking, jogging or running, and add new challenges with Octane\u2019s signature SmartStride, which automatically adjusts the length of the stride from 20\u201d-28\u201d based on your pace.<\/p>\n<p>This smart technology optimizes variety and effectiveness for valuable customization, motivation and results, every workout. The adjustable stride length fits any size user in your Gym.<\/p>\n<h3>Cross Circuit<\/h3>\n<p>Combining cardio and strength intervals leads to better overall conditioning and can yield faster fitness results. Research shows that interval training surpasses steady-state cardio exercise when it comes to burning calories, increasing endurance, boosting metabolism and maintaining motivation.<\/p>\n<p>If you want the best for your Gym, the hottest trend in clubs worldwide is the XT-One cross trainer with the CROSS CiRCUIT Pro! Featuring adjustable PowerBlock dumbbells from 4 \u2013 32 lbs, heavy-duty side steps and weight stands, this combination delivers the ultimate total-body workout center on one machine.<\/p>\n<h3>One Machine, Infinite Workouts<\/h3>\n<p>Maximize the space in your Gym or Club by purchasing the new XT-One cross-trainer. The XT-One offers modalities to walk, run, hike or climb all on one machine. Instead of purchasing multiple machines to fulfill the different modalities, you now can purchase the XT-One.<\/p>\n\n\t\t<\/div>\n\t<\/div>\n<\/div><\/div><\/div><\/div><div class=\"vc_row wpb_row vc_row-fluid vc_custom_1568727946449\"><div class=\"wpb_column vc_column_container vc_col-sm-8\"><div class=\"vc_column-inner\"><div class=\"wpb_wrapper\">\n\t<div class=\"wpb_text_column wpb_content_element\" >\n\t\t<div class=\"wpb_wrapper\">\n\t\t\t<h2>Compatible XT-ONE Accessories<\/h2>\n<h4><a href=\"https:\/\/fitness-shop.ro\/ro\/s1\/produse\/aparate-cardio\/c1\/octane-kit-cross-circuit-pentru-seria-xt-xt-one\/p78\/\" target=\"_blank\" rel=\"noopener noreferrer\"><strong>1. XT-One CROSS CiRCUIT Pro Kit<\/strong><\/a><\/h4>\n<p>Take the CROSS CiRCUIT experience to the next level of intensity for maximum caloric burn with the CROSS CiRCUIT Pro kit. Use PowerBlock adjustable weights to maximize results with a fun, effective workout routine that will changes the way you think about exercising.<\/p>\n<p><strong>CROSS CiRCUIT kit includes:<\/strong><\/p>\n<ul>\n<li>Mounted weight stands<\/li>\n<li>Side step platforms<\/li>\n<li>32lb. adjustable PowerBlock weights<\/li>\n<\/ul>\n\n\t\t<\/div>\n\t<\/div>\n<\/div><\/div><\/div><div class=\"wpb_column vc_column_container vc_col-sm-4\"><div class=\"vc_column-inner\"><div class=\"wpb_wrapper\">\n\t<div  class=\"wpb_single_image wpb_content_element vc_align_left vc_custom_1568727895330\">\n\t\t\n\t\t<figure class=\"wpb_wrapper vc_figure\">\n\t\t\t<div class=\"vc_single_image-wrapper   vc_box_border_grey\"><img loading=\"lazy\" decoding=\"async\" width=\"280\" height=\"231\" src=\"https:\/\/fitness-shop.ro\/wp-content\/uploads\/2019\/09\/detaliu1.png\" class=\"vc_single_image-img attachment-full\" alt=\"\" title=\"detaliu1\" srcset=\"https:\/\/fitness-shop.ro\/wp-content\/uploads\/2019\/09\/detaliu1.png 280w, https:\/\/fitness-shop.ro\/wp-content\/uploads\/2019\/09\/detaliu1-150x124.png 150w\" sizes=\"(max-width: 280px) 100vw, 280px\" \/><\/div>\n\t\t<\/figure>\n\t<\/div>\n<\/div><\/div><\/div><\/div><div class=\"vc_row wpb_row vc_row-fluid\"><div class=\"wpb_column vc_column_container vc_col-sm-8\"><div class=\"vc_column-inner\"><div class=\"wpb_wrapper\">\n\t<div class=\"wpb_text_column wpb_content_element\" >\n\t\t<div class=\"wpb_wrapper\">\n\t\t\t<h4><strong><a href=\"https:\/\/fitness-shop.ro\/ro\/s1\/produse\/aparate-cardio\/c1\/octane-talpi-laterale-pentru-xt-one\/p75\/\" target=\"_blank\" rel=\"noopener noreferrer\">2. XT-One Side Step Platforms<\/a><\/strong><\/h4>\n<p>With the innovative side step platform, you can step off of the moving foot pedals to isolate your upper-body by using just the moving handlebars; providing greater, more diverse workout options.<\/p>\n<p>&nbsp;<\/p>\n<p>&nbsp;<\/p>\n\n\t\t<\/div>\n\t<\/div>\n<\/div><\/div><\/div><div class=\"wpb_column vc_column_container vc_col-sm-4\"><div class=\"vc_column-inner\"><div class=\"wpb_wrapper\">\n\t<div  class=\"wpb_single_image wpb_content_element vc_align_left\">\n\t\t\n\t\t<figure class=\"wpb_wrapper vc_figure\">\n\t\t\t<div class=\"vc_single_image-wrapper   vc_box_border_grey\"><img loading=\"lazy\" decoding=\"async\" width=\"280\" height=\"231\" src=\"https:\/\/fitness-shop.ro\/wp-content\/uploads\/2019\/09\/detaliu2.png\" class=\"vc_single_image-img attachment-full\" alt=\"\" title=\"detaliu2\" srcset=\"https:\/\/fitness-shop.ro\/wp-content\/uploads\/2019\/09\/detaliu2.png 280w, https:\/\/fitness-shop.ro\/wp-content\/uploads\/2019\/09\/detaliu2-150x124.png 150w\" sizes=\"(max-width: 280px) 100vw, 280px\" \/><\/div>\n\t\t<\/figure>\n\t<\/div>\n<\/div><\/div><\/div><\/div><div class=\"vc_row wpb_row vc_row-fluid\"><div class=\"wpb_column vc_column_container vc_col-sm-8\"><div class=\"vc_column-inner\"><div class=\"wpb_wrapper\">\n\t<div class=\"wpb_text_column wpb_content_element\" >\n\t\t<div class=\"wpb_wrapper\">\n\t\t\t<h4><strong>3. Personal Entertainment Screen for XT-One &amp; ZR8000<\/strong><\/h4>\n<p>Octane Fitness\u2019 fully integrated, user-friendly personal entertainment option ensure that members can effortlessly enjoy their favorite shows and entertainment. Available for both the Standard and Smart consoles on the XT-One and ZR8000.<\/p>\n<p>&nbsp;<\/p>\n<p>&nbsp;<\/p>\n\n\t\t<\/div>\n\t<\/div>\n<\/div><\/div><\/div><div class=\"wpb_column vc_column_container vc_col-sm-4\"><div class=\"vc_column-inner\"><div class=\"wpb_wrapper\">\n\t<div  class=\"wpb_single_image wpb_content_element vc_align_left\">\n\t\t\n\t\t<figure class=\"wpb_wrapper vc_figure\">\n\t\t\t<div class=\"vc_single_image-wrapper   vc_box_border_grey\"><img loading=\"lazy\" decoding=\"async\" width=\"280\" height=\"231\" src=\"https:\/\/fitness-shop.ro\/wp-content\/uploads\/2019\/09\/detaliu3.png\" class=\"vc_single_image-img attachment-full\" alt=\"\" title=\"detaliu3\" srcset=\"https:\/\/fitness-shop.ro\/wp-content\/uploads\/2019\/09\/detaliu3.png 280w, https:\/\/fitness-shop.ro\/wp-content\/uploads\/2019\/09\/detaliu3-150x124.png 150w\" sizes=\"(max-width: 280px) 100vw, 280px\" \/><\/div>\n\t\t<\/figure>\n\t<\/div>\n<\/div><\/div><\/div><\/div><div class=\"vc_row wpb_row vc_row-fluid\"><div class=\"wpb_column vc_column_container vc_col-sm-8\"><div class=\"vc_column-inner\"><div class=\"wpb_wrapper\">\n\t<div class=\"wpb_text_column wpb_content_element\" >\n\t\t<div class=\"wpb_wrapper\">\n\t\t\t<h4><strong>4. Polar Chest Strap<\/strong><\/h4>\n<p>Get more out of your workout when you use a Polar non-coded chest strap for wireless heart rate monitoring. Polar chest strap gives real-time readout of heart rate and allows for more accurate calorie burn tracking.<\/p>\n<p><strong>Adjustable chest strap sizes:<\/strong><br \/>\nMedium \u2013 25 to 54 inches<br \/>\nLarge \u2013 33 to 63 inches<br \/>\nSmall \u2013 23 to 47 inches<\/p>\n<p>Note: Wireless heart rate monitoring is only available on xi, ci, ce, and e model consumer consoles, ZR8 and ZR7 Zero Runners and all commercial grade products.<\/p>\n\n\t\t<\/div>\n\t<\/div>\n<\/div><\/div><\/div><div class=\"wpb_column vc_column_container vc_col-sm-4\"><div class=\"vc_column-inner\"><div class=\"wpb_wrapper\">\n\t<div  class=\"wpb_single_image wpb_content_element vc_align_left\">\n\t\t\n\t\t<figure class=\"wpb_wrapper vc_figure\">\n\t\t\t<div class=\"vc_single_image-wrapper   vc_box_border_grey\"><img loading=\"lazy\" decoding=\"async\" width=\"280\" height=\"231\" src=\"https:\/\/fitness-shop.ro\/wp-content\/uploads\/2019\/09\/detaliu4.jpg\" class=\"vc_single_image-img attachment-full\" alt=\"\" title=\"detaliu4\" srcset=\"https:\/\/fitness-shop.ro\/wp-content\/uploads\/2019\/09\/detaliu4.jpg 280w, https:\/\/fitness-shop.ro\/wp-content\/uploads\/2019\/09\/detaliu4-150x124.jpg 150w\" sizes=\"(max-width: 280px) 100vw, 280px\" \/><\/div>\n\t\t<\/figure>\n\t<\/div>\n<\/div><\/div><\/div><\/div>\n<\/div>","protected":false},"excerpt":{"rendered":"<p>Maximize the space and versatility in your professional gym with this all-in-one elliptical machine that does it all. The new XT-One allows you to walk, run, hike or climb for customized workouts \u2013 all on ONE revolutionary machine.<\/p>","protected":false},"featured_media":2955,"comment_status":"open","ping_status":"closed","template":"","meta":{"om_disable_all_campaigns":false,"_monsterinsights_skip_tracking":false,"_monsterinsights_sitenote_active":false,"_monsterinsights_sitenote_note":"","_monsterinsights_sitenote_category":0},"product_cat":[368,15,67],"product_tag":[],"aioseo_notices":[],"_links":{"self":[{"href":"https:\/\/fitness-shop.ro\/en\/wp-json\/wp\/v2\/product\/2951"}],"collection":[{"href":"https:\/\/fitness-shop.ro\/en\/wp-json\/wp\/v2\/product"}],"about":[{"href":"https:\/\/fitness-shop.ro\/en\/wp-json\/wp\/v2\/types\/product"}],"replies":[{"embeddable":true,"href":"https:\/\/fitness-shop.ro\/en\/wp-json\/wp\/v2\/comments?post=2951"}],"wp:featuredmedia":[{"embeddable":true,"href":"https:\/\/fitness-shop.ro\/en\/wp-json\/wp\/v2\/media\/2955"}],"wp:attachment":[{"href":"https:\/\/fitness-shop.ro\/en\/wp-json\/wp\/v2\/media?parent=2951"}],"wp:term":[{"taxonomy":"product_cat","embeddable":true,"href":"https:\/\/fitness-shop.ro\/en\/wp-json\/wp\/v2\/product_cat?post=2951"},{"taxonomy":"product_tag","embeddable":true,"href":"https:\/\/fitness-shop.ro\/en\/wp-json\/wp\/v2\/product_tag?post=2951"}],"curies":[{"name":"wp","href":"https:\/\/api.w.org\/{rel}","templated":true}]}}