{"id":2961,"date":"2019-09-18T08:37:36","date_gmt":"2019-09-18T08:37:36","guid":{"rendered":"https:\/\/fitness-shop.ro\/?post_type=product&#038;p=2961"},"modified":"2022-10-20T12:42:32","modified_gmt":"2022-10-20T12:42:32","slug":"octane-xt-one-cu-tv-396-cm-eliptica-verticala-profesionala","status":"publish","type":"product","link":"https:\/\/fitness-shop.ro\/en\/product\/octane-xt-one-cu-tv-396-cm-eliptica-verticala-profesionala\/","title":{"rendered":"Octane XT ONE cu TV 39,6 cm &#8211; Eliptic\u0103 vertical\u0103 profesional\u0103"},"content":{"rendered":"<div class=\"wpb-content-wrapper\"><div class=\"vc_row wpb_row vc_row-fluid\"><div class=\"wpb_column vc_column_container vc_col-sm-12\"><div class=\"vc_column-inner\"><div class=\"wpb_wrapper\">\n\t<div class=\"wpb_text_column wpb_content_element\" >\n\t\t<div class=\"wpb_wrapper\">\n\t\t\t<h2>Aparatul cross-trainer suprem<\/h2>\n<p>Cu acest aparat profesional pute\u0163i alege \u00eentre 30 de nivele de rezisten\u0163\u0103 \u015fi 21 de exerci\u0163ii pentru a personaliza intensitatea, pentru a viza diferite grupe de mu\u015fchi \u015fi pentru a ob\u0163ine cele mai bune rezultate. Oferind o gam\u0103 infinit\u0103 de selec\u0163ii \u015fi personaliz\u0103ri, XT-One este aparatul suprem pentru antrenamentul pe intervale \u015fi cel de tip cross-training, cu tipare multiple de mi\u015fcare pentru a cre\u015fte arderea caloriilor, anduran\u0163a, puterea \u015fi for\u0163a. Astfel, dac\u0103 sala dvs. \u00eencurajeaz\u0103 antrenamentul cross-training, XT-One este aparatul eliptic care nu trebuie s\u0103 v\u0103 lipseasc\u0103.<\/p>\n\n\t\t<\/div>\n\t<\/div>\n<\/div><\/div><\/div><\/div><div class=\"vc_row wpb_row vc_row-fluid vc_custom_1568727921218\"><div class=\"wpb_column vc_column_container vc_col-sm-8\"><div class=\"vc_column-inner\"><div class=\"wpb_wrapper\">\n\t<div class=\"wpb_text_column wpb_content_element\" >\n\t\t<div class=\"wpb_wrapper\">\n\t\t\t<p><strong>Acest model standard XT-ONE are un afi\u015faj LED de mari dimensiuni, cu butoane capacitive \u015fi ecran TV integrat de 39,6 cm:<\/strong><\/p>\n<ul>\n<li>Afi\u015feaz\u0103 simultan datele esen\u0163iale ale exerci\u0163iului;<\/li>\n<li>Are o mi\u015fcare de \u00eenclina\u0163ie ajustabil\u0103;<\/li>\n<li>Are o lungime a pasului ajustabil\u0103;<\/li>\n<li>Modelul este oferit cu 23 programe de exerci\u0163ii \u015fi 30 nivele de rezisten\u0163\u0103;<\/li>\n<li>Are senzori cu contact digital pentru ritmul inimi;<\/li>\n<li>Are un ventilator cu 3 viteze pe consol\u0103;<\/li>\n<li>Este auto-alimentat (consola standard).<\/li>\n<\/ul>\n\n\t\t<\/div>\n\t<\/div>\n<\/div><\/div><\/div><div class=\"wpb_column vc_column_container vc_col-sm-4\"><div class=\"vc_column-inner\"><div class=\"wpb_wrapper\">\n\t<div  class=\"wpb_single_image wpb_content_element vc_align_left\">\n\t\t\n\t\t<figure class=\"wpb_wrapper vc_figure\">\n\t\t\t<div class=\"vc_single_image-wrapper   vc_box_border_grey\"><img loading=\"lazy\" decoding=\"async\" width=\"280\" height=\"231\" src=\"https:\/\/fitness-shop.ro\/wp-content\/uploads\/2019\/09\/pvs_xt5700_accessories.png\" class=\"vc_single_image-img attachment-full\" alt=\"\" title=\"pvs_xt5700_accessories\" srcset=\"https:\/\/fitness-shop.ro\/wp-content\/uploads\/2019\/09\/pvs_xt5700_accessories.png 280w, https:\/\/fitness-shop.ro\/wp-content\/uploads\/2019\/09\/pvs_xt5700_accessories-150x124.png 150w\" sizes=\"(max-width: 280px) 100vw, 280px\" \/><\/div>\n\t\t<\/figure>\n\t<\/div>\n<\/div><\/div><\/div><\/div><div class=\"vc_row wpb_row vc_row-fluid\"><div class=\"wpb_column vc_column_container vc_col-sm-12\"><div class=\"vc_column-inner\"><div class=\"wpb_wrapper\">\n\t<div class=\"wpb_text_column wpb_content_element\" >\n\t\t<div class=\"wpb_wrapper\">\n\t\t\t<h2>Principalele caracteristici ale Octane XT-One<\/h2>\n<h3>\u00cenclina\u0163ie ajustabil\u0103<\/h3>\n<p>E\u015fti preg\u0103tit pentru o plimbare la deal sau de a urca un munte? XT-One are 10 niveluri de \u00eenclina\u0163ie care v\u0103 permit s\u0103 recrea\u0163i condi\u0163iile unei plimb\u0103ri sau ascensiuni extreme, put\u00e2nd fi ajustat pentru utilizatori de orice dimensiune \u015fi cu orice condi\u0163ie fizic\u0103.<\/p>\n<p>De asemenea, pute\u0163i aborda u\u015for diferite grupe de mu\u015fchi schimb\u00e2nd nivelul de \u00eenclina\u0163ie pe parcursul exerci\u0163iului, pentru a ad\u0103uga rapid varietate antrenamentului.<\/p>\n<h3>SmartStride<\/h3>\n<p>Recrea\u0163i condi\u0163iile de plimbare, jogging sau alergare \u015fi ad\u0103uga\u0163i noi provoc\u0103ri cu marca \u00eenregistrat\u0103 Octane &#8211; SmartStride, care ajusteaz\u0103 automat lungimea pasului, de la 20 la 28 inch, \u00een func\u0163ie de pasul dvs.<br \/>\nAceast\u0103 tehnologie inteligent\u0103 folose\u015fte varietatea \u015fi eficien\u0163a pentru o personalizare ce aduce valoare adaugat\u0103, asigur\u00e2nd motiva\u0163ie \u015fi rezultate cu fiecare exerci\u0163iu. Lungimea ajustabil\u0103 a pasului permite folosirea aparatului de c\u0103tre orice utilizator din sala dvs. de sport.<\/p>\n<h3>Exerci\u0163ii combinate (Cross Circuit)<\/h3>\n<p>Combinarea exerci\u0163iilor cardio \u015fi de for\u0163\u0103 conduce la o condi\u0163ie fizic\u0103 general\u0103 mai bun\u0103 \u015fi aduce rezultate mai rapide. Cercet\u0103rile arat\u0103 c\u0103 exerci\u0163iile care variaz\u0103 \u00een intensitate cu perioade mici de pauz\u0103 (interval training) sunt mai bune dec\u00e2t exerci\u0163iile cardio constante din punctul de vedere al arderii caloriilor, cre\u015fterii anduran\u0163ei \u015fi metabolismului \u015fi al men\u0163inerii motiva\u0163iei.<\/p>\n<p>Dac\u0103 v\u0103 dori\u0163i cel mai bun echipament pentru sala dvs., cea mai nou\u0103 tendin\u0163\u0103 din cluburile din toat\u0103 lumea este aparatul multifunc\u0163ional XT-One cu func\u0163ia CROSS CiRCUIT Pro! care ofer\u0103 gantere PowerBlock ajustabile de 4-32 lbs (ar trebui facuta conversia la kg), trepte laterale rezistente \u015fi standuri de greut\u0103\u0163i, aceast\u0103 combina\u0163ie, asigur\u00e2nd un centru de antrenament suprem pentru \u00eentreg organismul.<\/p>\n<h3>Un aparat, exerci\u0163ii infinite<\/h3>\n<p>Profita\u0163i la maxim de spa\u0163iul din sala sau clubul dvs. achizi\u0163ion\u00e2nd noul aparat multifunc\u0163ional XT-One. XT-One v\u0103 ofer\u0103 diverse func\u0163ii \u015fi mi\u015fc\u0103ri: mers, alergat, posibilitatea de a face plimb\u0103ri sau de a te ca\u0163\u0103ra, toate pe un singur aparat. \u00cen loc s\u0103 cump\u0103ra\u0163i mai multe aparate care s\u0103 v\u0103\u00a0 ofere diferite module de exerci\u0163ii, pute\u0163i cump\u0103ra acum aparatul XT-One.<\/p>\n\n\t\t<\/div>\n\t<\/div>\n<\/div><\/div><\/div><\/div><div class=\"vc_row wpb_row vc_row-fluid vc_custom_1568727946449\"><div class=\"wpb_column vc_column_container vc_col-sm-8\"><div class=\"vc_column-inner\"><div class=\"wpb_wrapper\">\n\t<div class=\"wpb_text_column wpb_content_element\" >\n\t\t<div class=\"wpb_wrapper\">\n\t\t\t<h2>Compatible XT-ONE Accessories<\/h2>\n<h4><a href=\"https:\/\/fitness-shop.ro\/ro\/s1\/produse\/aparate-cardio\/c1\/octane-kit-cross-circuit-pentru-seria-xt-xt-one\/p78\/\" target=\"_blank\" rel=\"noopener noreferrer\"><strong>1. XT-One CROSS CiRCUIT Pro Kit<\/strong><\/a><\/h4>\n<p>Duce\u0163i experien\u0163a CROSS CiRCUIT la nivelul urm\u0103tor de intensitate pentru arderi calorice maxime cu CROSS CiRCUIT Pro kit. Folosi\u0163i greut\u0103\u0163ile ajustabile PowerBlock pentru a maximiza rezultatele printr-o rutin\u0103 eficient\u0103 \u015fi pl\u0103cut\u0103 a antrenamentului care va schimba modul \u00een care v\u0103 g\u00e2ndi\u0163i la exerci\u0163ii.<\/p>\n<p><strong>Kitul CROSS CiRCUIT Pro include:<\/strong><\/p>\n<ul>\n<li>Standuri de greut\u0103\u0163i montate pe suport<\/li>\n<li>Platforme\/trepte laterale<\/li>\n<li>Greut\u0103\u0163i ajustabile PowerBlock 32lb.<\/li>\n<\/ul>\n\n\t\t<\/div>\n\t<\/div>\n<\/div><\/div><\/div><div class=\"wpb_column vc_column_container vc_col-sm-4\"><div class=\"vc_column-inner\"><div class=\"wpb_wrapper\">\n\t<div  class=\"wpb_single_image wpb_content_element vc_align_left vc_custom_1568727895330\">\n\t\t\n\t\t<figure class=\"wpb_wrapper vc_figure\">\n\t\t\t<div class=\"vc_single_image-wrapper   vc_box_border_grey\"><img loading=\"lazy\" decoding=\"async\" width=\"280\" height=\"231\" src=\"https:\/\/fitness-shop.ro\/wp-content\/uploads\/2019\/09\/detaliu1.png\" class=\"vc_single_image-img attachment-full\" alt=\"\" title=\"detaliu1\" srcset=\"https:\/\/fitness-shop.ro\/wp-content\/uploads\/2019\/09\/detaliu1.png 280w, https:\/\/fitness-shop.ro\/wp-content\/uploads\/2019\/09\/detaliu1-150x124.png 150w\" sizes=\"(max-width: 280px) 100vw, 280px\" \/><\/div>\n\t\t<\/figure>\n\t<\/div>\n<\/div><\/div><\/div><\/div><div class=\"vc_row wpb_row vc_row-fluid\"><div class=\"wpb_column vc_column_container vc_col-sm-8\"><div class=\"vc_column-inner\"><div class=\"wpb_wrapper\">\n\t<div class=\"wpb_text_column wpb_content_element\" >\n\t\t<div class=\"wpb_wrapper\">\n\t\t\t<h4><strong><a href=\"https:\/\/fitness-shop.ro\/ro\/s1\/produse\/aparate-cardio\/c1\/octane-talpi-laterale-pentru-xt-one\/p75\/\">2. Platforme laterale XT-One<\/a><\/strong><\/h4>\n<p>Cu platforma lateral\u0103 inovatoare pute\u0163i muta piciorul de pe pedalele \u00een mi\u015fcare pentru a v\u0103 izola partea de sus a corpului folosind doar manetele, ceea ce v\u0103 ofer\u0103 \u015fi mai multe op\u0163iuni de antrenament.<\/p>\n<p>&nbsp;<\/p>\n\n\t\t<\/div>\n\t<\/div>\n<\/div><\/div><\/div><div class=\"wpb_column vc_column_container vc_col-sm-4\"><div class=\"vc_column-inner\"><div class=\"wpb_wrapper\">\n\t<div  class=\"wpb_single_image wpb_content_element vc_align_left\">\n\t\t\n\t\t<figure class=\"wpb_wrapper vc_figure\">\n\t\t\t<div class=\"vc_single_image-wrapper   vc_box_border_grey\"><img loading=\"lazy\" decoding=\"async\" width=\"280\" height=\"231\" src=\"https:\/\/fitness-shop.ro\/wp-content\/uploads\/2019\/09\/detaliu2.png\" class=\"vc_single_image-img attachment-full\" alt=\"\" title=\"detaliu2\" srcset=\"https:\/\/fitness-shop.ro\/wp-content\/uploads\/2019\/09\/detaliu2.png 280w, https:\/\/fitness-shop.ro\/wp-content\/uploads\/2019\/09\/detaliu2-150x124.png 150w\" sizes=\"(max-width: 280px) 100vw, 280px\" \/><\/div>\n\t\t<\/figure>\n\t<\/div>\n<\/div><\/div><\/div><\/div><div class=\"vc_row wpb_row vc_row-fluid\"><div class=\"wpb_column vc_column_container vc_col-sm-8\"><div class=\"vc_column-inner\"><div class=\"wpb_wrapper\">\n\t<div class=\"wpb_text_column wpb_content_element\" >\n\t\t<div class=\"wpb_wrapper\">\n\t\t\t<h4><strong>4. Banda Polar pentru piept<\/strong><\/h4>\n<p>Ob\u0163ine\u0163i mai multe de pe urma antrenamentului c\u00e2nd utiliza\u0163i o Band\u0103 Polar pentru piept pentru a monitoriza, wireless, ritmul inimii. Banda Polar v\u0103 asigur\u0103 o citire \u00een timp real a ritmului cardiac \u015fi permite o monitorizare mai precis\u0103 a arderii caloriilor.<\/p>\n<p>Dimensiuni ajustabile ale benzii pentru piept:<br \/>\nMedie \u2013 25 &#8211; 54 inci<br \/>\nMare \u2013 33 &#8211; 63 inci<br \/>\nMic\u0103 \u2013 23 &#8211; 47 inci<\/p>\n<p><strong>Observa\u0163ie<\/strong>: Monitorizarea wireless a ritmului cardiac este disponibil\u0103 doar pe modelele de consol\u0103 xi, ci, ce, \u015fi e, ZR8 \u015fi ZR7 Zero Runners \u015fi pe toate produsele comerciale.<\/p>\n\n\t\t<\/div>\n\t<\/div>\n<\/div><\/div><\/div><div class=\"wpb_column vc_column_container vc_col-sm-4\"><div class=\"vc_column-inner\"><div class=\"wpb_wrapper\">\n\t<div  class=\"wpb_single_image wpb_content_element vc_align_left\">\n\t\t\n\t\t<figure class=\"wpb_wrapper vc_figure\">\n\t\t\t<div class=\"vc_single_image-wrapper   vc_box_border_grey\"><img loading=\"lazy\" decoding=\"async\" width=\"280\" height=\"231\" src=\"https:\/\/fitness-shop.ro\/wp-content\/uploads\/2019\/09\/detaliu4.jpg\" class=\"vc_single_image-img attachment-full\" alt=\"\" title=\"detaliu4\" srcset=\"https:\/\/fitness-shop.ro\/wp-content\/uploads\/2019\/09\/detaliu4.jpg 280w, https:\/\/fitness-shop.ro\/wp-content\/uploads\/2019\/09\/detaliu4-150x124.jpg 150w\" sizes=\"(max-width: 280px) 100vw, 280px\" \/><\/div>\n\t\t<\/figure>\n\t<\/div>\n<\/div><\/div><\/div><\/div>\n<\/div>","protected":false},"excerpt":{"rendered":"<p>Profita\u0163i la maxim de spa\u0163iul \u015fi versatilitatea s\u0103lii dvs. de sport cu acest aparat eliptic multifunc\u0163ional. Noul XT-One v\u0103 permite s\u0103 merge\u0163i, s\u0103 alerga\u0163i, s\u0103 v\u0103 plimba\u0163i sau s\u0103 urca\u0163i, oferind exerci\u0163ii personalizate \u2013 toate \u00eentr-un SINGUR aparat revolu\u0163ionar.<\/p>","protected":false},"featured_media":2952,"comment_status":"open","ping_status":"closed","template":"","meta":{"om_disable_all_campaigns":false,"_monsterinsights_skip_tracking":false,"_monsterinsights_sitenote_active":false,"_monsterinsights_sitenote_note":"","_monsterinsights_sitenote_category":0},"product_cat":[368,15,67],"product_tag":[],"aioseo_notices":[],"_links":{"self":[{"href":"https:\/\/fitness-shop.ro\/en\/wp-json\/wp\/v2\/product\/2961"}],"collection":[{"href":"https:\/\/fitness-shop.ro\/en\/wp-json\/wp\/v2\/product"}],"about":[{"href":"https:\/\/fitness-shop.ro\/en\/wp-json\/wp\/v2\/types\/product"}],"replies":[{"embeddable":true,"href":"https:\/\/fitness-shop.ro\/en\/wp-json\/wp\/v2\/comments?post=2961"}],"wp:featuredmedia":[{"embeddable":true,"href":"https:\/\/fitness-shop.ro\/en\/wp-json\/wp\/v2\/media\/2952"}],"wp:attachment":[{"href":"https:\/\/fitness-shop.ro\/en\/wp-json\/wp\/v2\/media?parent=2961"}],"wp:term":[{"taxonomy":"product_cat","embeddable":true,"href":"https:\/\/fitness-shop.ro\/en\/wp-json\/wp\/v2\/product_cat?post=2961"},{"taxonomy":"product_tag","embeddable":true,"href":"https:\/\/fitness-shop.ro\/en\/wp-json\/wp\/v2\/product_tag?post=2961"}],"curies":[{"name":"wp","href":"https:\/\/api.w.org\/{rel}","templated":true}]}}